{"id":231,"date":"2019-01-27T17:33:26","date_gmt":"2019-01-27T16:33:26","guid":{"rendered":"http:\/\/www.miniztraiteur.com\/?page_id=231"},"modified":"2019-02-15T17:49:20","modified_gmt":"2019-02-15T16:49:20","slug":"produits","status":"publish","type":"page","link":"https:\/\/www.miniztraiteur.com\/index.php\/produits\/","title":{"rendered":"Nos produits"},"content":{"rendered":"\n<p style=\"text-align:center\" class=\"has-medium-font-size\"><strong>Nos produits froids<\/strong> <br><br> <\/p>\n\n\n\n<div class=\"wp-block-columns has-2-columns\">\n<div class=\"wp-block-column\">\n<p class=\"has-medium-font-size\">           <\/p>\n\n\n\n<div class=\"alignnormal\"><div id=\"metaslider-id-505\" style=\"width: 100%;\" class=\"ml-slider-3-18-8 metaslider metaslider-responsive metaslider-505 ml-slider\">\n    <div id=\"metaslider_container_505\">\n        <ul id='metaslider_505' class='rslides'>\n            <li><a href=\"http:\/\/www.miniztraiteur.com\/index.php\/nos-produits-2\/salades\/\" target=\"_self\"><img src=\"https:\/\/www.miniztraiteur.com\/wp-content\/uploads\/2019\/01\/salade-c\u00e9sar-0K8A9391-700x500.jpg\" height=\"500\" width=\"700\" alt=\"\" class=\"slider-505 slide-506\" title=\"Salade Caesar\" \/><div class=\"caption-wrap\"><div class=\"caption\">Salades<\/div><\/div><\/a><\/li>\n            <li style='display: none;'><a href=\"http:\/\/www.miniztraiteur.com\/index.php\/nos-produits-2\/salades\/\" target=\"_self\"><img src=\"https:\/\/www.miniztraiteur.com\/wp-content\/uploads\/2019\/01\/salade-lentille-3-700x500.jpg\" height=\"500\" width=\"700\" alt=\"\" class=\"slider-505 slide-507\" title=\"Salade lentilles\" \/><\/a><\/li>\n            <li style='display: none;'><a href=\"http:\/\/www.miniztraiteur.com\/index.php\/nos-produits-2\/salades\/\" target=\"_self\"><img src=\"https:\/\/www.miniztraiteur.com\/wp-content\/uploads\/2019\/02\/27112016-0K8A9435-4-700x500.jpg\" height=\"500\" width=\"700\" alt=\"\" class=\"slider-505 slide-508\" title=\"Salade poulet pain d&#039;\u00e9pices\" \/><\/a><\/li>\n        <\/ul>\n        \n    <\/div>\n<\/div><\/div>\n<\/div>\n\n\n\n<div class=\"wp-block-column\">\n<p>  <br><br> <br>De d\u00e9licieuses salades belles et color\u00e9es, des produits frais, de saison pour &#8230;  <br><br> <\/p>\n\n\n\n<div class=\"wp-block-button aligncenter\"><a class=\"wp-block-button__link has-background\" href=\"http:\/\/www.miniztraiteur.com\/index.php\/produits\/salades\/\" style=\"background-color:#6ea81a\"><strong>Voir plus<\/strong><\/a><\/div>\n<\/div>\n<\/div>\n\n\n\n<div class=\"wp-block-columns has-2-columns\">\n<div class=\"wp-block-column\">\n<p> <br><br>  <br>Nous vous proposons des pains ciabattas, viennois, polaires, c\u00e9r\u00e9ales, de seigle\u2026   <br><br> <\/p>\n\n\n\n<div class=\"wp-block-button aligncenter\"><a class=\"wp-block-button__link has-background\" href=\"http:\/\/www.miniztraiteur.com\/index.php\/produits\/sandwichs\" style=\"background-color:#6ea81a\"><strong>Voir plus<\/strong><\/a><\/div>\n<\/div>\n\n\n\n<div class=\"wp-block-column\">\n<div class=\"alignnormal\"><div id=\"metaslider-id-509\" style=\"width: 100%;\" class=\"ml-slider-3-18-8 metaslider metaslider-responsive metaslider-509 ml-slider\">\n    <div id=\"metaslider_container_509\">\n        <ul id='metaslider_509' class='rslides'>\n            <li><a href=\"http:\/\/www.miniztraiteur.com\/index.php\/nos-produits-2\/sandwichs\/\" target=\"_self\"><img src=\"https:\/\/www.miniztraiteur.com\/wp-content\/uploads\/2019\/01\/losange-jambon-cru-poivre-3-1-700x500.jpg\" height=\"500\" width=\"700\" alt=\"\" class=\"slider-509 slide-510\" title=\"Losange jambon cru poivre\" \/><\/a><\/li>\n            <li style='display: none;'><a href=\"http:\/\/www.miniztraiteur.com\/index.php\/nos-produits-2\/sandwichs\/\" target=\"_self\"><img src=\"https:\/\/www.miniztraiteur.com\/wp-content\/uploads\/2019\/01\/04092017-0K8A1282-1-700x500.jpg\" height=\"500\" width=\"700\" alt=\"\" class=\"slider-509 slide-511\" title=\"Losange tomate mozzarella\" \/><\/a><\/li>\n            <li style='display: none;'><a href=\"http:\/\/www.miniztraiteur.com\/index.php\/nos-produits-2\/sandwichs\/\" target=\"_self\"><img src=\"https:\/\/www.miniztraiteur.com\/wp-content\/uploads\/2019\/01\/sandwich-poulet-estragon-0K8A8814-1-700x500.jpg\" height=\"500\" width=\"700\" alt=\"\" class=\"slider-509 slide-513\" title=\"Viennois poulet estragon\" \/><\/a><\/li>\n            <li style='display: none;'><a href=\"http:\/\/www.miniztraiteur.com\/index.php\/nos-produits-2\/sandwichs\/\" target=\"_self\"><img src=\"https:\/\/www.miniztraiteur.com\/wp-content\/uploads\/2019\/01\/27112016-0K8A9393-1-700x500.jpg\" height=\"500\" width=\"700\" alt=\"\" class=\"slider-509 slide-514\" title=\"Sandwich Camembert miel\" \/><\/a><\/li>\n            <li style='display: none;'><a href=\"http:\/\/www.miniztraiteur.com\/index.php\/nos-produits-2\/sandwichs\/\" target=\"_self\"><img src=\"https:\/\/www.miniztraiteur.com\/wp-content\/uploads\/2019\/01\/03082017-0K8A7839-Modifier-1-700x500.jpg\" height=\"500\" width=\"700\" alt=\"\" class=\"slider-509 slide-515\" title=\"Losange moutarde \u00e0 l&#039;ancienne pastrami\" \/><\/a><\/li>\n        <\/ul>\n        \n    <\/div>\n<\/div><\/div>\n<\/div>\n<\/div>\n\n\n\n<div class=\"wp-block-columns has-2-columns\">\n<div class=\"wp-block-column\">\n<div class=\"alignnormal\"><div id=\"metaslider-id-526\" style=\"max-width: 700px;\" class=\"ml-slider-3-18-8 metaslider metaslider-responsive metaslider-526 ml-slider\">\n    <div id=\"metaslider_container_526\">\n        <ul id='metaslider_526' class='rslides'>\n            <li><a href=\"http:\/\/www.miniztraiteur.com\/index.php\/nos-produits-2\/wraps\/\" target=\"_self\"><img src=\"https:\/\/www.miniztraiteur.com\/wp-content\/uploads\/2019\/01\/27112016-0K8A9430-1-700x500.jpg\" height=\"500\" width=\"700\" alt=\"\" class=\"slider-526 slide-527\" title=\"WXrap carottes curry\" \/><\/a><\/li>\n            <li style='display: none;'><a href=\"http:\/\/www.miniztraiteur.com\/index.php\/nos-produits-2\/wraps\/\" target=\"_self\"><img src=\"https:\/\/www.miniztraiteur.com\/wp-content\/uploads\/2019\/01\/03082017-0K8A7878-Modifier-1-700x500.jpg\" height=\"500\" width=\"700\" alt=\"\" class=\"slider-526 slide-528\" title=\"Wrap mexicains\" \/><\/a><\/li>\n        <\/ul>\n        \n    <\/div>\n<\/div><\/div>\n<\/div>\n\n\n\n<div class=\"wp-block-column\">\n<p><br> <br><br> Des tortillas et des l\u00e9gumes frais pour des wraps aussi beaux que bons \u00e0 d\u00e9guster du bout des&#8230;  <br><br> <\/p>\n\n\n\n<div class=\"wp-block-button aligncenter\"><a class=\"wp-block-button__link has-background\" href=\"http:\/\/www.miniztraiteur.com\/index.php\/produits\/wraps\" style=\"background-color:#6ea81a\"><strong>Voir plus<\/strong><\/a><\/div>\n<\/div>\n<\/div>\n\n\n\n<div class=\"wp-block-columns has-2-columns\">\n<div class=\"wp-block-column\">\n<p>      <\/p>\n\n\n\n<p> <br><br> Des tartines&#8230;   <br><br> <\/p>\n\n\n\n<p><\/p>\n\n\n\n<div class=\"wp-block-button aligncenter\"><a class=\"wp-block-button__link has-background\" href=\"http:\/\/www.miniztraiteur.com\/index.php\/produits\/tartines\/\" style=\"background-color:#6ea81a\"><strong>Voir plus<\/strong><\/a><\/div>\n<\/div>\n\n\n\n<div class=\"wp-block-column\">\n<div class=\"alignnormal\"><div id=\"metaslider-id-535\" style=\"width: 100%;\" class=\"ml-slider-3-18-8 metaslider metaslider-responsive metaslider-535 ml-slider\">\n    <div id=\"metaslider_container_535\">\n        <ul id='metaslider_535' class='rslides'>\n            <li><a href=\"http:\/\/www.miniztraiteur.com\/index.php\/nos-produits-2\/tartines\/\" target=\"_self\"><img src=\"https:\/\/www.miniztraiteur.com\/wp-content\/uploads\/2019\/01\/03082017-0K8A7811-700x500.jpg\" height=\"500\" width=\"700\" alt=\"\" class=\"slider-535 slide-536\" title=\"Tartine Hareng raifort\" \/><\/a><\/li>\n        <\/ul>\n        \n    <\/div>\n<\/div><\/div>\n<\/div>\n<\/div>\n\n\n\n<p style=\"text-align:center\" class=\"has-medium-font-size\"> <br><br> <strong>Nos produits chauds<\/strong> <br><br> <\/p>\n\n\n\n<div class=\"wp-block-columns has-2-columns\">\n<div class=\"wp-block-column\">\n<p class=\"has-medium-font-size\">     <\/p>\n\n\n\n<div class=\"alignnormal\"><div id=\"metaslider-id-546\" style=\"width: 100%;\" class=\"ml-slider-3-18-8 metaslider metaslider-responsive metaslider-546 ml-slider\">\n    <div id=\"metaslider_container_546\">\n        <ul id='metaslider_546' class='rslides'>\n            <li><a href=\"http:\/\/www.miniztraiteur.com\/index.php\/nos-produits-2\/plats-chauds\/\" target=\"_self\"><img src=\"https:\/\/www.miniztraiteur.com\/wp-content\/uploads\/2019\/01\/03082017-0K8A8058-Modifier-2-700x500.jpg\" height=\"500\" width=\"700\" alt=\"\" class=\"slider-546 slide-549\" title=\"Burger boeuf barbecue\" \/><\/a><\/li>\n            <li style='display: none;'><a href=\"http:\/\/www.miniztraiteur.com\/index.php\/nos-produits-2\/plats-chauds\/\" target=\"_self\"><img src=\"https:\/\/www.miniztraiteur.com\/wp-content\/uploads\/2019\/01\/kebab-1-1-700x500.jpg\" height=\"500\" width=\"700\" alt=\"\" class=\"slider-546 slide-550\" title=\"Kebab\" \/><\/a><\/li>\n        <\/ul>\n        \n    <\/div>\n<\/div><\/div>\n\n\n\n<p><\/p>\n<\/div>\n\n\n\n<div class=\"wp-block-column\">\n<p> <br> <br><br>  Ici vous trouverez des snacks chauds \u00e0 partir de 1\u20ac50 la pi\u00e8ce, que vous r\u00e9chaufferez tr\u00e8s facilement &#8230; <br><br> <\/p>\n\n\n\n<div class=\"wp-block-button aligncenter\"><a class=\"wp-block-button__link has-background\" href=\"http:\/\/www.miniztraiteur.com\/index.php\/produits\/plats-chauds\" style=\"background-color:#6ea81a\"><strong>Voir plus<\/strong><\/a><\/div>\n<\/div>\n<\/div>\n\n\n\n<p style=\"text-align:center\" class=\"has-medium-font-size\"> <br><br> <strong>Nos douceurs sucr\u00e9es<\/strong> <br><br> <\/p>\n\n\n\n<div class=\"wp-block-columns has-2-columns\">\n<div class=\"wp-block-column\">\n<p class=\"has-large-font-size\">        <\/p>\n\n\n\n<p> <br><br> Pour booster vos petits d\u00e9jeunez, vos go\u00fbters ou finir votre repas, laissez vous tenter par une touche sucr\u00e9e, ou deux\u2026 Nous vous proposons de d\u00e9licieuses&#8230;. <br><br> <\/p>\n\n\n\n<div class=\"wp-block-button aligncenter\"><a class=\"wp-block-button__link has-background\" href=\"http:\/\/www.miniztraiteur.com\/index.php\/produits\/desserts\/\" style=\"background-color:#6ea81a\"><strong>Voir plus<\/strong><\/a><\/div>\n<\/div>\n\n\n\n<div class=\"wp-block-column\">\n<p class=\"has-large-font-size\">      <\/p>\n\n\n\n<div class=\"alignnormal\"><div id=\"metaslider-id-547\" style=\"width: 100%;\" class=\"ml-slider-3-18-8 metaslider metaslider-responsive metaslider-547 ml-slider\">\n    <div id=\"metaslider_container_547\">\n        <ul id='metaslider_547' class='rslides'>\n            <li><a href=\"http:\/\/www.miniztraiteur.com\/index.php\/nos-produits-2\/desserts\/\" target=\"_self\"><img src=\"https:\/\/www.miniztraiteur.com\/wp-content\/uploads\/2019\/01\/03082017-0K8A7925-Modifier-1-700x500.jpg\" height=\"500\" width=\"700\" alt=\"\" class=\"slider-547 slide-551\" title=\"Farandole de desserts\" \/><\/a><\/li>\n            <li style='display: none;'><a href=\"http:\/\/www.miniztraiteur.com\/index.php\/nos-produits-2\/desserts\/\" target=\"_self\"><img src=\"https:\/\/www.miniztraiteur.com\/wp-content\/uploads\/2019\/01\/tarte-aux-noix-0K8A9362-700x500.jpg\" height=\"500\" width=\"700\" alt=\"\" class=\"slider-547 slide-552\" title=\"Tartelette aux noix\" \/><\/a><\/li>\n            <li style='display: none;'><a href=\"http:\/\/www.miniztraiteur.com\/index.php\/nos-produits-2\/desserts\/\" target=\"_self\"><img src=\"https:\/\/www.miniztraiteur.com\/wp-content\/uploads\/2019\/01\/21072016-0K8A8671-700x500.jpg\" height=\"500\" width=\"700\" alt=\"\" class=\"slider-547 slide-553\" title=\"Brownie\" \/><\/a><\/li>\n        <\/ul>\n        \n    <\/div>\n<\/div><\/div>\n<\/div>\n<\/div>\n\n\n\n<p style=\"text-align:center\" class=\"has-medium-font-size\"> <br><br> <strong>Nos produits pour les f\u00eates<\/strong> <br><br> <\/p>\n\n\n\n<div class=\"wp-block-columns has-2-columns\">\n<div class=\"wp-block-column\">\n<p>  <br><br> <br>Miniz traiteur vous propose pour les f\u00eates une gamme Miniz Pr\u00e9nium en s\u00e9lectionnant les&#8230; <br><br> <\/p>\n\n\n\n<div class=\"wp-block-button aligncenter\"><a class=\"wp-block-button__link has-background\" href=\"http:\/\/www.miniztraiteur.com\/index.php\/nos-produits-2\/fetes\/\" style=\"background-color:#6ea81a\"><strong>Voir plus<\/strong><\/a><\/div>\n<\/div>\n\n\n\n<div class=\"wp-block-column\">\n<div class=\"alignnormal\"><div id=\"metaslider-id-548\" style=\"width: 100%;\" class=\"ml-slider-3-18-8 metaslider metaslider-responsive metaslider-548 ml-slider\">\n    <div id=\"metaslider_container_548\">\n        <ul id='metaslider_548' class='rslides'>\n            <li><a href=\"http:\/\/www.miniztraiteur.com\/index.php\/nos-produits-2\/fetes\/\" target=\"_self\"><img src=\"https:\/\/www.miniztraiteur.com\/wp-content\/uploads\/2019\/02\/01012019-0K8A0878-700x500.jpg\" height=\"500\" width=\"700\" alt=\"\" class=\"slider-548 slide-554\" title=\"Verrine v\u00e9f\u00e9tarienne\" \/><\/a><\/li>\n            <li style='display: none;'><a href=\"http:\/\/www.miniztraiteur.com\/index.php\/nos-produits-2\/fetes\/\" target=\"_self\"><img src=\"https:\/\/www.miniztraiteur.com\/wp-content\/uploads\/2019\/01\/15122016-0K8A1024-700x500.jpg\" height=\"500\" width=\"700\" alt=\"\" class=\"slider-548 slide-555\" title=\"Mix de verrines\" \/><\/a><\/li>\n            <li style='display: none;'><a href=\"http:\/\/www.miniztraiteur.com\/index.php\/nos-produits-2\/fetes\/\" target=\"_self\"><img src=\"https:\/\/www.miniztraiteur.com\/wp-content\/uploads\/2019\/01\/03082017-0K8A7811-700x500.jpg\" height=\"500\" width=\"700\" alt=\"\" class=\"slider-548 slide-556\" title=\"Tartine hareng faifort\" \/><\/a><\/li>\n        <\/ul>\n        \n    <\/div>\n<\/div><\/div>\n<\/div>\n<\/div>\n","protected":false},"excerpt":{"rendered":"<p>Nos produits froids De d\u00e9licieuses salades belles et color\u00e9es, des produits frais, de saison pour &#8230; Nous vous proposons des pains ciabattas, viennois, polaires, c\u00e9r\u00e9ales, de seigle\u2026 Des tortillas et des l\u00e9gumes frais pour des wraps aussi beaux que bons \u00e0 d\u00e9guster du bout des&#8230; Des tartines&#8230; Nos produits chauds Ici vous trouverez des snacks [&hellip;]<\/p>\n","protected":false},"author":1,"featured_media":0,"parent":0,"menu_order":2,"comment_status":"closed","ping_status":"closed","template":"","meta":[],"_links":{"self":[{"href":"https:\/\/www.miniztraiteur.com\/index.php\/wp-json\/wp\/v2\/pages\/231"}],"collection":[{"href":"https:\/\/www.miniztraiteur.com\/index.php\/wp-json\/wp\/v2\/pages"}],"about":[{"href":"https:\/\/www.miniztraiteur.com\/index.php\/wp-json\/wp\/v2\/types\/page"}],"author":[{"embeddable":true,"href":"https:\/\/www.miniztraiteur.com\/index.php\/wp-json\/wp\/v2\/users\/1"}],"replies":[{"embeddable":true,"href":"https:\/\/www.miniztraiteur.com\/index.php\/wp-json\/wp\/v2\/comments?post=231"}],"version-history":[{"count":110,"href":"https:\/\/www.miniztraiteur.com\/index.php\/wp-json\/wp\/v2\/pages\/231\/revisions"}],"predecessor-version":[{"id":647,"href":"https:\/\/www.miniztraiteur.com\/index.php\/wp-json\/wp\/v2\/pages\/231\/revisions\/647"}],"wp:attachment":[{"href":"https:\/\/www.miniztraiteur.com\/index.php\/wp-json\/wp\/v2\/media?parent=231"}],"curies":[{"name":"wp","href":"https:\/\/api.w.org\/{rel}","templated":true}]}}