{"id":40,"date":"2019-01-26T21:41:41","date_gmt":"2019-01-26T20:41:41","guid":{"rendered":"http:\/\/www.miniztraiteur.com\/?page_id=40"},"modified":"2019-02-13T13:22:29","modified_gmt":"2019-02-13T12:22:29","slug":"sandwichs","status":"publish","type":"page","link":"https:\/\/www.miniztraiteur.com\/index.php\/produits\/sandwichs\/","title":{"rendered":"Sandwichs"},"content":{"rendered":"\n<p>Nous vous proposons des pains ciabattas, viennois, polaires, c\u00e9r\u00e9ales, de seigle&#8230; pour des sandwichs vari\u00e9s, selon la saison, selon vos envies ou vos contraintes. <\/p>\n\n\n\n<p>Quelques exemples :<\/p>\n\n\n<p>Pain viennois : crevette, poulet guacamole, guacamole, thon citron, 2 fromages, poulet estragon, foie gras kiwi&#8230;<\/p>\n<p>Pain ciabatta : camembert miel, ch\u00e8vre poire et poivre, ch\u00e8vre tomate, pastrami moutarde, poulet c\u00e9sar&#8230;<\/p>\n<p>Pain aux c\u00e9r\u00e9ales : poulet ananas, jambon cru poivre, tomate pesto mozarella, magret de canard&#8230;&nbsp;<\/p>\n<p>Pain polaire : oeuf tomate bacon, 2 saumons<\/p>\n\n\n<figure class=\"wp-block-image\"><img loading=\"lazy\" width=\"1024\" height=\"683\" src=\"http:\/\/www.miniztraiteur.com\/wp-content\/uploads\/2019\/02\/03082017-0K8A7894-Modifier-1024x683.jpg\" alt=\"\" class=\"wp-image-431\" srcset=\"https:\/\/www.miniztraiteur.com\/wp-content\/uploads\/2019\/02\/03082017-0K8A7894-Modifier-1024x683.jpg 1024w, https:\/\/www.miniztraiteur.com\/wp-content\/uploads\/2019\/02\/03082017-0K8A7894-Modifier-300x200.jpg 300w, https:\/\/www.miniztraiteur.com\/wp-content\/uploads\/2019\/02\/03082017-0K8A7894-Modifier-768x512.jpg 768w\" sizes=\"(max-width: 1024px) 100vw, 1024px\" \/><\/figure>\n\n\n\n<ul class=\"wp-block-gallery columns-3 is-cropped\"><li class=\"blocks-gallery-item\"><figure><img loading=\"lazy\" width=\"1024\" height=\"683\" src=\"http:\/\/www.miniztraiteur.com\/wp-content\/uploads\/2019\/01\/04092017-0K8A1282-1-1024x683.jpg\" alt=\"\" data-id=\"173\" data-link=\"http:\/\/www.miniztraiteur.com\/index.php\/nos-produits\/04092017-0k8a1282-2\/\" class=\"wp-image-173\" srcset=\"https:\/\/www.miniztraiteur.com\/wp-content\/uploads\/2019\/01\/04092017-0K8A1282-1-1024x683.jpg 1024w, https:\/\/www.miniztraiteur.com\/wp-content\/uploads\/2019\/01\/04092017-0K8A1282-1-300x200.jpg 300w, https:\/\/www.miniztraiteur.com\/wp-content\/uploads\/2019\/01\/04092017-0K8A1282-1-768x512.jpg 768w\" sizes=\"(max-width: 1024px) 100vw, 1024px\" \/><\/figure><\/li><li class=\"blocks-gallery-item\"><figure><img loading=\"lazy\" width=\"1024\" height=\"683\" src=\"http:\/\/www.miniztraiteur.com\/wp-content\/uploads\/2019\/01\/sandwich-poulet-estragon-0K8A8814-1-1024x683.jpg\" alt=\"\" data-id=\"158\" data-link=\"http:\/\/www.miniztraiteur.com\/index.php\/desserts\/sandwich-poulet-estragon-0k8a8814-2\/\" class=\"wp-image-158\" srcset=\"https:\/\/www.miniztraiteur.com\/wp-content\/uploads\/2019\/01\/sandwich-poulet-estragon-0K8A8814-1-1024x683.jpg 1024w, https:\/\/www.miniztraiteur.com\/wp-content\/uploads\/2019\/01\/sandwich-poulet-estragon-0K8A8814-1-300x200.jpg 300w, https:\/\/www.miniztraiteur.com\/wp-content\/uploads\/2019\/01\/sandwich-poulet-estragon-0K8A8814-1-768x512.jpg 768w\" sizes=\"(max-width: 1024px) 100vw, 1024px\" \/><\/figure><\/li><li class=\"blocks-gallery-item\"><figure><img loading=\"lazy\" width=\"1024\" height=\"683\" src=\"http:\/\/www.miniztraiteur.com\/wp-content\/uploads\/2019\/01\/losange-jambon-cru-poivre-3-1024x683.jpg\" alt=\"\" data-id=\"154\" data-link=\"http:\/\/www.miniztraiteur.com\/index.php\/desserts\/losange-jambon-cru-poivre-3\/\" class=\"wp-image-154\" srcset=\"https:\/\/www.miniztraiteur.com\/wp-content\/uploads\/2019\/01\/losange-jambon-cru-poivre-3-1024x683.jpg 1024w, https:\/\/www.miniztraiteur.com\/wp-content\/uploads\/2019\/01\/losange-jambon-cru-poivre-3-300x200.jpg 300w, https:\/\/www.miniztraiteur.com\/wp-content\/uploads\/2019\/01\/losange-jambon-cru-poivre-3-768x512.jpg 768w\" sizes=\"(max-width: 1024px) 100vw, 1024px\" \/><\/figure><\/li><li class=\"blocks-gallery-item\"><figure><img loading=\"lazy\" width=\"1024\" height=\"683\" src=\"http:\/\/www.miniztraiteur.com\/wp-content\/uploads\/2019\/01\/27112016-0K8A9393-1-1024x683.jpg\" alt=\"\" data-id=\"148\" data-link=\"http:\/\/www.miniztraiteur.com\/index.php\/desserts\/27112016-0k8a9393-2\/\" class=\"wp-image-148\" srcset=\"https:\/\/www.miniztraiteur.com\/wp-content\/uploads\/2019\/01\/27112016-0K8A9393-1-1024x683.jpg 1024w, https:\/\/www.miniztraiteur.com\/wp-content\/uploads\/2019\/01\/27112016-0K8A9393-1-300x200.jpg 300w, https:\/\/www.miniztraiteur.com\/wp-content\/uploads\/2019\/01\/27112016-0K8A9393-1-768x512.jpg 768w\" sizes=\"(max-width: 1024px) 100vw, 1024px\" \/><\/figure><\/li><li class=\"blocks-gallery-item\"><figure><img loading=\"lazy\" width=\"1024\" height=\"683\" src=\"http:\/\/www.miniztraiteur.com\/wp-content\/uploads\/2019\/01\/03082017-0K8A7839-Modifier-1024x683.jpg\" alt=\"\" data-id=\"59\" data-link=\"http:\/\/www.miniztraiteur.com\/index.php\/nos-produits\/03082017-0k8a7839-modifier\/\" class=\"wp-image-59\" srcset=\"https:\/\/www.miniztraiteur.com\/wp-content\/uploads\/2019\/01\/03082017-0K8A7839-Modifier-1024x683.jpg 1024w, https:\/\/www.miniztraiteur.com\/wp-content\/uploads\/2019\/01\/03082017-0K8A7839-Modifier-300x200.jpg 300w, https:\/\/www.miniztraiteur.com\/wp-content\/uploads\/2019\/01\/03082017-0K8A7839-Modifier-768x512.jpg 768w\" sizes=\"(max-width: 1024px) 100vw, 1024px\" \/><\/figure><\/li><\/ul>\n\n\n\n<p><\/p>\n","protected":false},"excerpt":{"rendered":"<p>Nous vous proposons des pains ciabattas, viennois, polaires, c\u00e9r\u00e9ales, de seigle&#8230; pour des sandwichs vari\u00e9s, selon la saison, selon vos envies ou vos contraintes. Quelques exemples : Pain viennois : crevette, poulet guacamole, guacamole, thon citron, 2 fromages, poulet estragon, foie gras kiwi&#8230; Pain ciabatta : camembert miel, ch\u00e8vre poire et poivre, ch\u00e8vre tomate, pastrami [&hellip;]<\/p>\n","protected":false},"author":1,"featured_media":0,"parent":231,"menu_order":2,"comment_status":"closed","ping_status":"closed","template":"","meta":[],"_links":{"self":[{"href":"https:\/\/www.miniztraiteur.com\/index.php\/wp-json\/wp\/v2\/pages\/40"}],"collection":[{"href":"https:\/\/www.miniztraiteur.com\/index.php\/wp-json\/wp\/v2\/pages"}],"about":[{"href":"https:\/\/www.miniztraiteur.com\/index.php\/wp-json\/wp\/v2\/types\/page"}],"author":[{"embeddable":true,"href":"https:\/\/www.miniztraiteur.com\/index.php\/wp-json\/wp\/v2\/users\/1"}],"replies":[{"embeddable":true,"href":"https:\/\/www.miniztraiteur.com\/index.php\/wp-json\/wp\/v2\/comments?post=40"}],"version-history":[{"count":12,"href":"https:\/\/www.miniztraiteur.com\/index.php\/wp-json\/wp\/v2\/pages\/40\/revisions"}],"predecessor-version":[{"id":432,"href":"https:\/\/www.miniztraiteur.com\/index.php\/wp-json\/wp\/v2\/pages\/40\/revisions\/432"}],"up":[{"embeddable":true,"href":"https:\/\/www.miniztraiteur.com\/index.php\/wp-json\/wp\/v2\/pages\/231"}],"wp:attachment":[{"href":"https:\/\/www.miniztraiteur.com\/index.php\/wp-json\/wp\/v2\/media?parent=40"}],"curies":[{"name":"wp","href":"https:\/\/api.w.org\/{rel}","templated":true}]}}