{"id":44,"date":"2019-01-26T21:42:36","date_gmt":"2019-01-26T20:42:36","guid":{"rendered":"http:\/\/www.miniztraiteur.com\/?page_id=44"},"modified":"2019-01-28T00:23:22","modified_gmt":"2019-01-27T23:23:22","slug":"plats-chauds","status":"publish","type":"page","link":"https:\/\/www.miniztraiteur.com\/index.php\/produits\/plats-chauds\/","title":{"rendered":"Nos produits chauds"},"content":{"rendered":"\n<p>Ici vous trouverez des snacks chauds \u00e0 partir de 1\u20ac50 la pi\u00e8ce, que vous r\u00e9chaufferez tr\u00e8s facilement au micro ondes (15 \u00e0 20 secondes). <\/p>\n\n\n\n<p>Des focaccias : saumon \u00e9pinard, napolitaine, ail et fines herbes, ch\u00e8vre tomate&#8230;<\/p>\n\n\n\n<div class=\"wp-block-image\"><figure class=\"alignleft\"><img loading=\"lazy\" width=\"1024\" height=\"683\" src=\"http:\/\/www.miniztraiteur.com\/wp-content\/uploads\/2019\/01\/27112016-0K8A9401-1024x683.jpg\" alt=\"\" class=\"wp-image-92\" srcset=\"https:\/\/www.miniztraiteur.com\/wp-content\/uploads\/2019\/01\/27112016-0K8A9401-1024x683.jpg 1024w, https:\/\/www.miniztraiteur.com\/wp-content\/uploads\/2019\/01\/27112016-0K8A9401-300x200.jpg 300w, https:\/\/www.miniztraiteur.com\/wp-content\/uploads\/2019\/01\/27112016-0K8A9401-768x512.jpg 768w\" sizes=\"(max-width: 1024px) 100vw, 1024px\" \/><figcaption>focaccia saumon<\/figcaption><\/figure><\/div>\n\n\n\n<p><\/p>\n\n\n\n<p>Des burgers : boeuf, poulet&#8230;<\/p>\n\n\n\n<div class=\"wp-block-image\"><figure class=\"alignleft\"><img loading=\"lazy\" width=\"1024\" height=\"683\" src=\"http:\/\/www.miniztraiteur.com\/wp-content\/uploads\/2019\/01\/03082017-0K8A8058-Modifier-1024x683.jpg\" alt=\"\" class=\"wp-image-93\" srcset=\"https:\/\/www.miniztraiteur.com\/wp-content\/uploads\/2019\/01\/03082017-0K8A8058-Modifier-1024x683.jpg 1024w, https:\/\/www.miniztraiteur.com\/wp-content\/uploads\/2019\/01\/03082017-0K8A8058-Modifier-300x200.jpg 300w, https:\/\/www.miniztraiteur.com\/wp-content\/uploads\/2019\/01\/03082017-0K8A8058-Modifier-768x512.jpg 768w\" sizes=\"(max-width: 1024px) 100vw, 1024px\" \/><figcaption>burger boeuf<\/figcaption><\/figure><\/div>\n\n\n\n<p><\/p>\n\n\n\n<p>Des k\u00e9babs :<\/p>\n\n\n\n<div class=\"wp-block-image\"><figure class=\"alignleft\"><img loading=\"lazy\" width=\"1024\" height=\"683\" src=\"http:\/\/www.miniztraiteur.com\/wp-content\/uploads\/2019\/01\/kebab-1-1024x683.jpg\" alt=\"\" class=\"wp-image-94\" srcset=\"https:\/\/www.miniztraiteur.com\/wp-content\/uploads\/2019\/01\/kebab-1-1024x683.jpg 1024w, https:\/\/www.miniztraiteur.com\/wp-content\/uploads\/2019\/01\/kebab-1-300x200.jpg 300w, https:\/\/www.miniztraiteur.com\/wp-content\/uploads\/2019\/01\/kebab-1-768x512.jpg 768w\" sizes=\"(max-width: 1024px) 100vw, 1024px\" \/><\/figure><\/div>\n","protected":false},"excerpt":{"rendered":"<p>Ici vous trouverez des snacks chauds \u00e0 partir de 1\u20ac50 la pi\u00e8ce, que vous r\u00e9chaufferez tr\u00e8s facilement au micro ondes (15 \u00e0 20 secondes). Des focaccias : saumon \u00e9pinard, napolitaine, ail et fines herbes, ch\u00e8vre tomate&#8230; Des burgers : boeuf, poulet&#8230; Des k\u00e9babs :<\/p>\n","protected":false},"author":1,"featured_media":0,"parent":231,"menu_order":5,"comment_status":"closed","ping_status":"closed","template":"","meta":[],"_links":{"self":[{"href":"https:\/\/www.miniztraiteur.com\/index.php\/wp-json\/wp\/v2\/pages\/44"}],"collection":[{"href":"https:\/\/www.miniztraiteur.com\/index.php\/wp-json\/wp\/v2\/pages"}],"about":[{"href":"https:\/\/www.miniztraiteur.com\/index.php\/wp-json\/wp\/v2\/types\/page"}],"author":[{"embeddable":true,"href":"https:\/\/www.miniztraiteur.com\/index.php\/wp-json\/wp\/v2\/users\/1"}],"replies":[{"embeddable":true,"href":"https:\/\/www.miniztraiteur.com\/index.php\/wp-json\/wp\/v2\/comments?post=44"}],"version-history":[{"count":8,"href":"https:\/\/www.miniztraiteur.com\/index.php\/wp-json\/wp\/v2\/pages\/44\/revisions"}],"predecessor-version":[{"id":229,"href":"https:\/\/www.miniztraiteur.com\/index.php\/wp-json\/wp\/v2\/pages\/44\/revisions\/229"}],"up":[{"embeddable":true,"href":"https:\/\/www.miniztraiteur.com\/index.php\/wp-json\/wp\/v2\/pages\/231"}],"wp:attachment":[{"href":"https:\/\/www.miniztraiteur.com\/index.php\/wp-json\/wp\/v2\/media?parent=44"}],"curies":[{"name":"wp","href":"https:\/\/api.w.org\/{rel}","templated":true}]}}