{"id":46,"date":"2019-01-26T21:43:05","date_gmt":"2019-01-26T20:43:05","guid":{"rendered":"http:\/\/www.miniztraiteur.com\/?page_id=46"},"modified":"2019-02-13T13:23:29","modified_gmt":"2019-02-13T12:23:29","slug":"desserts","status":"publish","type":"page","link":"https:\/\/www.miniztraiteur.com\/index.php\/produits\/desserts\/","title":{"rendered":"Douceurs sucr\u00e9es"},"content":{"rendered":"\n<figure class=\"wp-block-image\"><img loading=\"lazy\" width=\"1024\" height=\"683\" src=\"http:\/\/www.miniztraiteur.com\/wp-content\/uploads\/2019\/01\/03082017-0K8A7997-Modifier-1-1024x683.jpg\" alt=\"\" class=\"wp-image-129\" srcset=\"https:\/\/www.miniztraiteur.com\/wp-content\/uploads\/2019\/01\/03082017-0K8A7997-Modifier-1-1024x683.jpg 1024w, https:\/\/www.miniztraiteur.com\/wp-content\/uploads\/2019\/01\/03082017-0K8A7997-Modifier-1-300x200.jpg 300w, https:\/\/www.miniztraiteur.com\/wp-content\/uploads\/2019\/01\/03082017-0K8A7997-Modifier-1-768x512.jpg 768w\" sizes=\"(max-width: 1024px) 100vw, 1024px\" \/><figcaption>assortiments de desserts  \u00e0 1\u20ac50<\/figcaption><\/figure>\n\n\n\n<p>Pour booster vos petits d\u00e9jeunez, vos go\u00fbters ou finir votre repas, laissez vous tenter par une touche sucr\u00e9e, ou deux&#8230; Nous vous proposons de d\u00e9licieuses tartes aux noix, flap jack pleins d&rsquo;\u00e9nergie, paste\u00efs de nata, tiramisus (sp\u00e9culoos, caramel, citron, normand), fruits melba (fraise, p\u00eache, mangue selon la saison), mousse au chocolat, fromage blanc miel muesli, brownies, cookies, fondants au chocolat, cakes au pommes&#8230; Le prix est tout aussi doux, \u00e0 1\u20ac la pi\u00e8ce pour les cakes et fondants, 1\u20ac50 pour les autres.<\/p>\n\n\n\n<ul class=\"wp-block-gallery columns-3 is-cropped\"><li class=\"blocks-gallery-item\"><figure><img loading=\"lazy\" width=\"1024\" height=\"683\" src=\"http:\/\/www.miniztraiteur.com\/wp-content\/uploads\/2019\/01\/cookies-0K8A8695-1024x683.jpg\" alt=\"\" data-id=\"151\" data-link=\"http:\/\/www.miniztraiteur.com\/index.php\/desserts\/cookies-0k8a8695\/\" class=\"wp-image-151\" srcset=\"https:\/\/www.miniztraiteur.com\/wp-content\/uploads\/2019\/01\/cookies-0K8A8695-1024x683.jpg 1024w, https:\/\/www.miniztraiteur.com\/wp-content\/uploads\/2019\/01\/cookies-0K8A8695-300x200.jpg 300w, https:\/\/www.miniztraiteur.com\/wp-content\/uploads\/2019\/01\/cookies-0K8A8695-768x512.jpg 768w\" sizes=\"(max-width: 1024px) 100vw, 1024px\" \/><\/figure><\/li><li class=\"blocks-gallery-item\"><figure><img loading=\"lazy\" width=\"1024\" height=\"683\" src=\"http:\/\/www.miniztraiteur.com\/wp-content\/uploads\/2019\/01\/26072016-yaourt-abricot-6-1024x683.jpg\" alt=\"\" data-id=\"147\" data-link=\"http:\/\/www.miniztraiteur.com\/index.php\/desserts\/26072016-yaourt-abricot-6\/\" class=\"wp-image-147\" srcset=\"https:\/\/www.miniztraiteur.com\/wp-content\/uploads\/2019\/01\/26072016-yaourt-abricot-6-1024x683.jpg 1024w, https:\/\/www.miniztraiteur.com\/wp-content\/uploads\/2019\/01\/26072016-yaourt-abricot-6-300x200.jpg 300w, https:\/\/www.miniztraiteur.com\/wp-content\/uploads\/2019\/01\/26072016-yaourt-abricot-6-768x512.jpg 768w\" sizes=\"(max-width: 1024px) 100vw, 1024px\" \/><\/figure><\/li><li class=\"blocks-gallery-item\"><figure><img loading=\"lazy\" width=\"1024\" height=\"683\" src=\"http:\/\/www.miniztraiteur.com\/wp-content\/uploads\/2019\/01\/21072016-21072016-0K8A8737-1024x683.jpg\" alt=\"\" data-id=\"140\" data-link=\"http:\/\/www.miniztraiteur.com\/index.php\/desserts\/21072016-21072016-0k8a8737\/\" class=\"wp-image-140\" srcset=\"https:\/\/www.miniztraiteur.com\/wp-content\/uploads\/2019\/01\/21072016-21072016-0K8A8737-1024x683.jpg 1024w, https:\/\/www.miniztraiteur.com\/wp-content\/uploads\/2019\/01\/21072016-21072016-0K8A8737-300x200.jpg 300w, https:\/\/www.miniztraiteur.com\/wp-content\/uploads\/2019\/01\/21072016-21072016-0K8A8737-768x512.jpg 768w\" sizes=\"(max-width: 1024px) 100vw, 1024px\" \/><\/figure><\/li><li class=\"blocks-gallery-item\"><figure><img loading=\"lazy\" width=\"683\" height=\"1024\" src=\"http:\/\/www.miniztraiteur.com\/wp-content\/uploads\/2019\/01\/26072016-tiramisu-caf\u00e9-speculos-0-683x1024.jpg\" alt=\"\" data-id=\"142\" data-link=\"http:\/\/www.miniztraiteur.com\/index.php\/desserts\/26072016-tiramisu-cafe-speculos-0\/\" class=\"wp-image-142\" srcset=\"https:\/\/www.miniztraiteur.com\/wp-content\/uploads\/2019\/01\/26072016-tiramisu-caf\u00e9-speculos-0-683x1024.jpg 683w, https:\/\/www.miniztraiteur.com\/wp-content\/uploads\/2019\/01\/26072016-tiramisu-caf\u00e9-speculos-0-200x300.jpg 200w, https:\/\/www.miniztraiteur.com\/wp-content\/uploads\/2019\/01\/26072016-tiramisu-caf\u00e9-speculos-0-768x1152.jpg 768w\" sizes=\"(max-width: 683px) 100vw, 683px\" \/><\/figure><\/li><li class=\"blocks-gallery-item\"><figure><img loading=\"lazy\" width=\"1024\" height=\"683\" src=\"http:\/\/www.miniztraiteur.com\/wp-content\/uploads\/2019\/01\/25072016-0K8A9218-1024x683.jpg\" alt=\"\" data-id=\"141\" data-link=\"http:\/\/www.miniztraiteur.com\/index.php\/desserts\/25072016-0k8a9218\/\" class=\"wp-image-141\" srcset=\"https:\/\/www.miniztraiteur.com\/wp-content\/uploads\/2019\/01\/25072016-0K8A9218-1024x683.jpg 1024w, https:\/\/www.miniztraiteur.com\/wp-content\/uploads\/2019\/01\/25072016-0K8A9218-300x200.jpg 300w, https:\/\/www.miniztraiteur.com\/wp-content\/uploads\/2019\/01\/25072016-0K8A9218-768x512.jpg 768w\" sizes=\"(max-width: 1024px) 100vw, 1024px\" \/><\/figure><\/li><li class=\"blocks-gallery-item\"><figure><img loading=\"lazy\" width=\"1024\" height=\"683\" src=\"http:\/\/www.miniztraiteur.com\/wp-content\/uploads\/2019\/01\/21072016-21072016-0K8A8721-1024x683.jpg\" alt=\"\" data-id=\"139\" data-link=\"http:\/\/www.miniztraiteur.com\/index.php\/desserts\/21072016-21072016-0k8a8721\/\" class=\"wp-image-139\" srcset=\"https:\/\/www.miniztraiteur.com\/wp-content\/uploads\/2019\/01\/21072016-21072016-0K8A8721-1024x683.jpg 1024w, https:\/\/www.miniztraiteur.com\/wp-content\/uploads\/2019\/01\/21072016-21072016-0K8A8721-300x200.jpg 300w, https:\/\/www.miniztraiteur.com\/wp-content\/uploads\/2019\/01\/21072016-21072016-0K8A8721-768x512.jpg 768w\" sizes=\"(max-width: 1024px) 100vw, 1024px\" \/><\/figure><\/li><li class=\"blocks-gallery-item\"><figure><img loading=\"lazy\" width=\"1024\" height=\"683\" src=\"http:\/\/www.miniztraiteur.com\/wp-content\/uploads\/2019\/01\/26072016-tiramisu-caramel-1-1024x683.jpg\" alt=\"\" data-id=\"144\" data-link=\"http:\/\/www.miniztraiteur.com\/index.php\/desserts\/26072016-tiramisu-caramel-1\/\" class=\"wp-image-144\" srcset=\"https:\/\/www.miniztraiteur.com\/wp-content\/uploads\/2019\/01\/26072016-tiramisu-caramel-1-1024x683.jpg 1024w, https:\/\/www.miniztraiteur.com\/wp-content\/uploads\/2019\/01\/26072016-tiramisu-caramel-1-300x200.jpg 300w, https:\/\/www.miniztraiteur.com\/wp-content\/uploads\/2019\/01\/26072016-tiramisu-caramel-1-768x512.jpg 768w\" sizes=\"(max-width: 1024px) 100vw, 1024px\" \/><\/figure><\/li><li class=\"blocks-gallery-item\"><figure><img loading=\"lazy\" width=\"1024\" height=\"683\" src=\"http:\/\/www.miniztraiteur.com\/wp-content\/uploads\/2019\/01\/21072016-0K8A8671-1024x683.jpg\" alt=\"\" data-id=\"137\" data-link=\"http:\/\/www.miniztraiteur.com\/index.php\/desserts\/21072016-0k8a8671\/\" class=\"wp-image-137\" srcset=\"https:\/\/www.miniztraiteur.com\/wp-content\/uploads\/2019\/01\/21072016-0K8A8671-1024x683.jpg 1024w, https:\/\/www.miniztraiteur.com\/wp-content\/uploads\/2019\/01\/21072016-0K8A8671-300x200.jpg 300w, https:\/\/www.miniztraiteur.com\/wp-content\/uploads\/2019\/01\/21072016-0K8A8671-768x512.jpg 768w\" sizes=\"(max-width: 1024px) 100vw, 1024px\" \/><\/figure><\/li><li class=\"blocks-gallery-item\"><figure><img loading=\"lazy\" width=\"683\" height=\"1024\" src=\"http:\/\/www.miniztraiteur.com\/wp-content\/uploads\/2019\/01\/21072016-21072016-0K8A8710-683x1024.jpg\" alt=\"\" data-id=\"138\" data-link=\"http:\/\/www.miniztraiteur.com\/index.php\/desserts\/21072016-21072016-0k8a8710\/\" class=\"wp-image-138\" srcset=\"https:\/\/www.miniztraiteur.com\/wp-content\/uploads\/2019\/01\/21072016-21072016-0K8A8710-683x1024.jpg 683w, https:\/\/www.miniztraiteur.com\/wp-content\/uploads\/2019\/01\/21072016-21072016-0K8A8710-200x300.jpg 200w, https:\/\/www.miniztraiteur.com\/wp-content\/uploads\/2019\/01\/21072016-21072016-0K8A8710-768x1152.jpg 768w\" sizes=\"(max-width: 683px) 100vw, 683px\" \/><\/figure><\/li><li class=\"blocks-gallery-item\"><figure><img loading=\"lazy\" width=\"1024\" height=\"683\" src=\"http:\/\/www.miniztraiteur.com\/wp-content\/uploads\/2019\/01\/03082017-0K8A7925-Modifier-1-1024x683.jpg\" alt=\"\" data-id=\"206\" data-link=\"http:\/\/www.miniztraiteur.com\/index.php\/desserts\/03082017-0k8a7925-modifier-2\/\" class=\"wp-image-206\" srcset=\"https:\/\/www.miniztraiteur.com\/wp-content\/uploads\/2019\/01\/03082017-0K8A7925-Modifier-1-1024x683.jpg 1024w, https:\/\/www.miniztraiteur.com\/wp-content\/uploads\/2019\/01\/03082017-0K8A7925-Modifier-1-300x200.jpg 300w, https:\/\/www.miniztraiteur.com\/wp-content\/uploads\/2019\/01\/03082017-0K8A7925-Modifier-1-768x512.jpg 768w\" sizes=\"(max-width: 1024px) 100vw, 1024px\" \/><\/figure><\/li><\/ul>\n\n\n\n<ul class=\"wp-block-gallery columns-0 is-cropped\"><\/ul>\n","protected":false},"excerpt":{"rendered":"<p>Pour booster vos petits d\u00e9jeunez, vos go\u00fbters ou finir votre repas, laissez vous tenter par une touche sucr\u00e9e, ou deux&#8230; Nous vous proposons de d\u00e9licieuses tartes aux noix, flap jack pleins d&rsquo;\u00e9nergie, paste\u00efs de nata, tiramisus (sp\u00e9culoos, caramel, citron, normand), fruits melba (fraise, p\u00eache, mangue selon la saison), mousse au chocolat, fromage blanc miel muesli, [&hellip;]<\/p>\n","protected":false},"author":1,"featured_media":0,"parent":231,"menu_order":6,"comment_status":"closed","ping_status":"closed","template":"","meta":[],"_links":{"self":[{"href":"https:\/\/www.miniztraiteur.com\/index.php\/wp-json\/wp\/v2\/pages\/46"}],"collection":[{"href":"https:\/\/www.miniztraiteur.com\/index.php\/wp-json\/wp\/v2\/pages"}],"about":[{"href":"https:\/\/www.miniztraiteur.com\/index.php\/wp-json\/wp\/v2\/types\/page"}],"author":[{"embeddable":true,"href":"https:\/\/www.miniztraiteur.com\/index.php\/wp-json\/wp\/v2\/users\/1"}],"replies":[{"embeddable":true,"href":"https:\/\/www.miniztraiteur.com\/index.php\/wp-json\/wp\/v2\/comments?post=46"}],"version-history":[{"count":8,"href":"https:\/\/www.miniztraiteur.com\/index.php\/wp-json\/wp\/v2\/pages\/46\/revisions"}],"predecessor-version":[{"id":362,"href":"https:\/\/www.miniztraiteur.com\/index.php\/wp-json\/wp\/v2\/pages\/46\/revisions\/362"}],"up":[{"embeddable":true,"href":"https:\/\/www.miniztraiteur.com\/index.php\/wp-json\/wp\/v2\/pages\/231"}],"wp:attachment":[{"href":"https:\/\/www.miniztraiteur.com\/index.php\/wp-json\/wp\/v2\/media?parent=46"}],"curies":[{"name":"wp","href":"https:\/\/api.w.org\/{rel}","templated":true}]}}