{"id":48,"date":"2019-01-26T21:43:47","date_gmt":"2019-01-26T20:43:47","guid":{"rendered":"http:\/\/www.miniztraiteur.com\/?page_id=48"},"modified":"2019-02-15T17:46:05","modified_gmt":"2019-02-15T16:46:05","slug":"buffet","status":"publish","type":"page","link":"https:\/\/www.miniztraiteur.com\/index.php\/buffet\/","title":{"rendered":"Buffets"},"content":{"rendered":"\n<ul class=\"wp-block-gallery columns-2 is-cropped\"><li class=\"blocks-gallery-item\"><figure><img loading=\"lazy\" width=\"1024\" height=\"683\" src=\"http:\/\/www.miniztraiteur.com\/wp-content\/uploads\/2019\/01\/03082017-0K8A7894-Modifier-2-1024x683.jpg\" alt=\"\" data-id=\"127\" data-link=\"http:\/\/www.miniztraiteur.com\/index.php\/desserts\/03082017-0k8a7894-modifier-3\/\" class=\"wp-image-127\" srcset=\"https:\/\/www.miniztraiteur.com\/wp-content\/uploads\/2019\/01\/03082017-0K8A7894-Modifier-2-1024x683.jpg 1024w, https:\/\/www.miniztraiteur.com\/wp-content\/uploads\/2019\/01\/03082017-0K8A7894-Modifier-2-300x200.jpg 300w, https:\/\/www.miniztraiteur.com\/wp-content\/uploads\/2019\/01\/03082017-0K8A7894-Modifier-2-768x512.jpg 768w\" sizes=\"(max-width: 1024px) 100vw, 1024px\" \/><\/figure><\/li><li class=\"blocks-gallery-item\"><figure><img loading=\"lazy\" width=\"1024\" height=\"683\" src=\"http:\/\/www.miniztraiteur.com\/wp-content\/uploads\/2019\/01\/15122016-0K8A0996-1024x683.jpg\" alt=\"\" data-id=\"132\" data-link=\"http:\/\/www.miniztraiteur.com\/index.php\/desserts\/15122016-0k8a0996\/\" class=\"wp-image-132\" srcset=\"https:\/\/www.miniztraiteur.com\/wp-content\/uploads\/2019\/01\/15122016-0K8A0996-1024x683.jpg 1024w, https:\/\/www.miniztraiteur.com\/wp-content\/uploads\/2019\/01\/15122016-0K8A0996-300x200.jpg 300w, https:\/\/www.miniztraiteur.com\/wp-content\/uploads\/2019\/01\/15122016-0K8A0996-768x512.jpg 768w\" sizes=\"(max-width: 1024px) 100vw, 1024px\" \/><\/figure><\/li><\/ul>\n\n\n\n<p>Que ce soit \u00e0 l&rsquo;occasion d&rsquo;une r\u00e9union de travail, d&rsquo;un bapt\u00eame, d&rsquo;un d\u00e9part en retraite, ou simplement d&rsquo;un ap\u00e9ro d\u00eenatoire, Miniz traiteur saura r\u00e9pondre \u00e0 vos attentes.<\/p>\n\n\n\n<p>Comptez 5 produits par personne pour rassasier la plupart des app\u00e9tits (soit un budget de 7,5 \u00e0  12 \u20ac par personne selon la gamme choisie de produits Miniz ou Miniz Must). Pour un app\u00e9tit d&rsquo;ogre pr\u00e9voyez plut\u00f4t 7 \u00e0 8 produits (soit 10,5 \u00e0 18\u20ac  par personne, hors boissons). <\/p>\n\n\n\n<p>Vous d\u00e9cidez librement du nombre de personne, nombre de produits par personnes, type de produits, gamme de produits, d&rsquo;associer ou non des boissons et lesquelles, d&rsquo;associer ou non un service. <\/p>\n\n\n\n<ul class=\"wp-block-gallery columns-3 is-cropped\"><li class=\"blocks-gallery-item\"><figure><img src=\"http:\/\/www.miniztraiteur.com\/wp-content\/uploads\/2019\/01\/03082017-0K8A7813-Modifier-2-1024x683.jpg\" alt=\"\" data-id=\"122\" data-link=\"http:\/\/www.miniztraiteur.com\/index.php\/desserts\/03082017-0k8a7813-modifier-3\/\" class=\"wp-image-122\"\/><\/figure><\/li><li class=\"blocks-gallery-item\"><figure><img loading=\"lazy\" width=\"1024\" height=\"683\" src=\"http:\/\/www.miniztraiteur.com\/wp-content\/uploads\/2019\/01\/03082017-0K8A7878-Modifier-1024x683.jpg\" alt=\"\" data-id=\"82\" data-link=\"http:\/\/www.miniztraiteur.com\/index.php\/nos-produits\/wraps\/03082017-0k8a7878-modifier\/\" class=\"wp-image-82\" srcset=\"https:\/\/www.miniztraiteur.com\/wp-content\/uploads\/2019\/01\/03082017-0K8A7878-Modifier-1024x683.jpg 1024w, https:\/\/www.miniztraiteur.com\/wp-content\/uploads\/2019\/01\/03082017-0K8A7878-Modifier-300x200.jpg 300w, https:\/\/www.miniztraiteur.com\/wp-content\/uploads\/2019\/01\/03082017-0K8A7878-Modifier-768x512.jpg 768w\" sizes=\"(max-width: 1024px) 100vw, 1024px\" \/><\/figure><\/li><li class=\"blocks-gallery-item\"><figure><img loading=\"lazy\" width=\"1024\" height=\"683\" src=\"http:\/\/www.miniztraiteur.com\/wp-content\/uploads\/2019\/01\/salade-c\u00e9sar-0K8A9391-1024x683.jpg\" alt=\"\" data-id=\"157\" data-link=\"http:\/\/www.miniztraiteur.com\/index.php\/desserts\/salade-cesar-0k8a9391\/\" class=\"wp-image-157\" srcset=\"https:\/\/www.miniztraiteur.com\/wp-content\/uploads\/2019\/01\/salade-c\u00e9sar-0K8A9391-1024x683.jpg 1024w, https:\/\/www.miniztraiteur.com\/wp-content\/uploads\/2019\/01\/salade-c\u00e9sar-0K8A9391-300x200.jpg 300w, https:\/\/www.miniztraiteur.com\/wp-content\/uploads\/2019\/01\/salade-c\u00e9sar-0K8A9391-768x512.jpg 768w\" sizes=\"(max-width: 1024px) 100vw, 1024px\" \/><\/figure><\/li><li class=\"blocks-gallery-item\"><figure><img loading=\"lazy\" width=\"1024\" height=\"683\" src=\"http:\/\/www.miniztraiteur.com\/wp-content\/uploads\/2019\/01\/losange-jambon-cru-poivre-3-1024x683.jpg\" alt=\"\" data-id=\"154\" data-link=\"http:\/\/www.miniztraiteur.com\/index.php\/desserts\/losange-jambon-cru-poivre-3\/\" class=\"wp-image-154\" srcset=\"https:\/\/www.miniztraiteur.com\/wp-content\/uploads\/2019\/01\/losange-jambon-cru-poivre-3-1024x683.jpg 1024w, https:\/\/www.miniztraiteur.com\/wp-content\/uploads\/2019\/01\/losange-jambon-cru-poivre-3-300x200.jpg 300w, https:\/\/www.miniztraiteur.com\/wp-content\/uploads\/2019\/01\/losange-jambon-cru-poivre-3-768x512.jpg 768w\" sizes=\"(max-width: 1024px) 100vw, 1024px\" \/><\/figure><\/li><li class=\"blocks-gallery-item\"><figure><img src=\"http:\/\/www.miniztraiteur.com\/wp-content\/uploads\/2019\/01\/01012019-0K8A0878-1024x683.jpg\" alt=\"\" data-id=\"120\" data-link=\"http:\/\/www.miniztraiteur.com\/index.php\/desserts\/01012019-0k8a0878\/\" class=\"wp-image-120\"\/><\/figure><\/li><li class=\"blocks-gallery-item\"><figure><img loading=\"lazy\" width=\"1024\" height=\"683\" src=\"http:\/\/www.miniztraiteur.com\/wp-content\/uploads\/2019\/01\/03082017-0K8A7997-Modifier-1024x683.jpg\" alt=\"\" data-id=\"60\" data-link=\"http:\/\/www.miniztraiteur.com\/index.php\/nos-produits\/03082017-0k8a7997-modifier\/\" class=\"wp-image-60\" srcset=\"https:\/\/www.miniztraiteur.com\/wp-content\/uploads\/2019\/01\/03082017-0K8A7997-Modifier-1024x683.jpg 1024w, https:\/\/www.miniztraiteur.com\/wp-content\/uploads\/2019\/01\/03082017-0K8A7997-Modifier-300x200.jpg 300w, https:\/\/www.miniztraiteur.com\/wp-content\/uploads\/2019\/01\/03082017-0K8A7997-Modifier-768x512.jpg 768w\" sizes=\"(max-width: 1024px) 100vw, 1024px\" \/><\/figure><\/li><\/ul>\n","protected":false},"excerpt":{"rendered":"<p>Que ce soit \u00e0 l&rsquo;occasion d&rsquo;une r\u00e9union de travail, d&rsquo;un bapt\u00eame, d&rsquo;un d\u00e9part en retraite, ou simplement d&rsquo;un ap\u00e9ro d\u00eenatoire, Miniz traiteur saura r\u00e9pondre \u00e0 vos attentes. Comptez 5 produits par personne pour rassasier la plupart des app\u00e9tits (soit un budget de 7,5 \u00e0 12 \u20ac par personne selon la gamme choisie de produits Miniz [&hellip;]<\/p>\n","protected":false},"author":1,"featured_media":0,"parent":0,"menu_order":5,"comment_status":"closed","ping_status":"closed","template":"","meta":[],"_links":{"self":[{"href":"https:\/\/www.miniztraiteur.com\/index.php\/wp-json\/wp\/v2\/pages\/48"}],"collection":[{"href":"https:\/\/www.miniztraiteur.com\/index.php\/wp-json\/wp\/v2\/pages"}],"about":[{"href":"https:\/\/www.miniztraiteur.com\/index.php\/wp-json\/wp\/v2\/types\/page"}],"author":[{"embeddable":true,"href":"https:\/\/www.miniztraiteur.com\/index.php\/wp-json\/wp\/v2\/users\/1"}],"replies":[{"embeddable":true,"href":"https:\/\/www.miniztraiteur.com\/index.php\/wp-json\/wp\/v2\/comments?post=48"}],"version-history":[{"count":7,"href":"https:\/\/www.miniztraiteur.com\/index.php\/wp-json\/wp\/v2\/pages\/48\/revisions"}],"predecessor-version":[{"id":359,"href":"https:\/\/www.miniztraiteur.com\/index.php\/wp-json\/wp\/v2\/pages\/48\/revisions\/359"}],"wp:attachment":[{"href":"https:\/\/www.miniztraiteur.com\/index.php\/wp-json\/wp\/v2\/media?parent=48"}],"curies":[{"name":"wp","href":"https:\/\/api.w.org\/{rel}","templated":true}]}}