{"id":88,"date":"2019-01-26T23:16:24","date_gmt":"2019-01-26T22:16:24","guid":{"rendered":"http:\/\/www.miniztraiteur.com\/?page_id=88"},"modified":"2019-02-15T17:50:12","modified_gmt":"2019-02-15T16:50:12","slug":"fetes","status":"publish","type":"page","link":"https:\/\/www.miniztraiteur.com\/index.php\/produits\/fetes\/","title":{"rendered":"Gamme Miniz Prenium pour les f\u00eates"},"content":{"rendered":"\n<p>Miniz traiteur vous propose pour les f\u00eates une gamme Miniz Prenium en s\u00e9lectionnant les plus beaux produits : saumon fum\u00e9, magret de canard, foie gras, homard&#8230; pour des tartines, des verrines, des sandwichs \u00e0 partir de 2\u20ac50 la pi\u00e8ce.<\/p>\n\n\n\n<ul class=\"wp-block-gallery columns-3 is-cropped\"><li class=\"blocks-gallery-item\"><figure><img src=\"http:\/\/www.miniztraiteur.com\/wp-content\/uploads\/2019\/01\/viennois-foie-gras-1-1024x683.jpg\" alt=\"\" data-id=\"164\" data-link=\"http:\/\/www.miniztraiteur.com\/index.php\/desserts\/viennois-foie-gras-1\/\" class=\"wp-image-164\"\/><\/figure><\/li><li class=\"blocks-gallery-item\"><figure><img src=\"http:\/\/www.miniztraiteur.com\/wp-content\/uploads\/2019\/01\/15122016-0K8A1013-1-1024x683.jpg\" alt=\"\" data-id=\"220\" data-link=\"http:\/\/www.miniztraiteur.com\/index.php\/evenements\/fetes\/15122016-0k8a1013-2\/\" class=\"wp-image-220\"\/><\/figure><\/li><li class=\"blocks-gallery-item\"><figure><img loading=\"lazy\" width=\"1024\" height=\"683\" src=\"http:\/\/www.miniztraiteur.com\/wp-content\/uploads\/2019\/01\/03082017-0K8A7811-1-1024x683.jpg\" alt=\"\" data-id=\"224\" data-link=\"http:\/\/www.miniztraiteur.com\/index.php\/evenements\/fetes\/03082017-0k8a7811-2\/\" class=\"wp-image-224\" srcset=\"https:\/\/www.miniztraiteur.com\/wp-content\/uploads\/2019\/01\/03082017-0K8A7811-1-1024x683.jpg 1024w, https:\/\/www.miniztraiteur.com\/wp-content\/uploads\/2019\/01\/03082017-0K8A7811-1-300x200.jpg 300w, https:\/\/www.miniztraiteur.com\/wp-content\/uploads\/2019\/01\/03082017-0K8A7811-1-768x512.jpg 768w\" sizes=\"(max-width: 1024px) 100vw, 1024px\" \/><\/figure><\/li><li class=\"blocks-gallery-item\"><figure><img src=\"http:\/\/www.miniztraiteur.com\/wp-content\/uploads\/2019\/01\/01012019-0K8A0878-2-1024x683.jpg\" alt=\"\" data-id=\"225\" data-link=\"http:\/\/www.miniztraiteur.com\/index.php\/evenements\/fetes\/01012019-0k8a0878-3\/\" class=\"wp-image-225\"\/><\/figure><\/li><\/ul>\n","protected":false},"excerpt":{"rendered":"<p>Miniz traiteur vous propose pour les f\u00eates une gamme Miniz Prenium en s\u00e9lectionnant les plus beaux produits : saumon fum\u00e9, magret de canard, foie gras, homard&#8230; pour des tartines, des verrines, des sandwichs \u00e0 partir de 2\u20ac50 la pi\u00e8ce.<\/p>\n","protected":false},"author":1,"featured_media":0,"parent":231,"menu_order":7,"comment_status":"closed","ping_status":"closed","template":"","meta":[],"_links":{"self":[{"href":"https:\/\/www.miniztraiteur.com\/index.php\/wp-json\/wp\/v2\/pages\/88"}],"collection":[{"href":"https:\/\/www.miniztraiteur.com\/index.php\/wp-json\/wp\/v2\/pages"}],"about":[{"href":"https:\/\/www.miniztraiteur.com\/index.php\/wp-json\/wp\/v2\/types\/page"}],"author":[{"embeddable":true,"href":"https:\/\/www.miniztraiteur.com\/index.php\/wp-json\/wp\/v2\/users\/1"}],"replies":[{"embeddable":true,"href":"https:\/\/www.miniztraiteur.com\/index.php\/wp-json\/wp\/v2\/comments?post=88"}],"version-history":[{"count":6,"href":"https:\/\/www.miniztraiteur.com\/index.php\/wp-json\/wp\/v2\/pages\/88\/revisions"}],"predecessor-version":[{"id":642,"href":"https:\/\/www.miniztraiteur.com\/index.php\/wp-json\/wp\/v2\/pages\/88\/revisions\/642"}],"up":[{"embeddable":true,"href":"https:\/\/www.miniztraiteur.com\/index.php\/wp-json\/wp\/v2\/pages\/231"}],"wp:attachment":[{"href":"https:\/\/www.miniztraiteur.com\/index.php\/wp-json\/wp\/v2\/media?parent=88"}],"curies":[{"name":"wp","href":"https:\/\/api.w.org\/{rel}","templated":true}]}}